{"id":340,"date":"2024-07-11T20:26:44","date_gmt":"2024-07-11T20:26:44","guid":{"rendered":"https:\/\/subventionintelligenceartificielle.com\/team\/"},"modified":"2024-08-07T17:27:01","modified_gmt":"2024-08-07T17:27:01","slug":"team","status":"publish","type":"page","link":"https:\/\/subventionintelligenceartificielle.com\/en\/team\/","title":{"rendered":"Team"},"content":{"rendered":"\n\n\t\t\t<h1>Our team<\/h1>\t\t\t\n\t\t\t\t<p>Our team is made up of experts with a passion for artificial intelligence and technological innovation. With years of experience in various fields of AI, our team is dedicated to providing the best solutions to meet the unique needs of every business. We combine our technical skills with a deep understanding of business challenges to provide effective, personalized support. We look forward to working with you and helping you explore the infinite possibilities of artificial intelligence.<\/p>\n\t\t\t<a href=\"https:\/\/tonequipemarketing.com\/equipe\/\" title=\"Click Here\" target=\"_blank\" rel=\"noopener\" role=\"button\" aria-label=\"Team members\">\n\t\t\t\t\t\t\tTeam members\n\t\t<\/a>\n\t<h2>\n\t\t\t\tPr\u00eat \u00e0 passer \u00e0 l&#8217;action?\n\t\t\t<\/h2>\n\t\t\t<p>Remplissez le formulaire en ligne pour une consultation gratuite de 30 minutes. Nos experts vous aideront \u00e0 comprendre comment l&#8217;IA peut \u00eatre int\u00e9gr\u00e9e dans vos op\u00e9rations pour maximiser votre efficacit\u00e9 et votre rentabilit\u00e9.<\/p>\t\n\t<p><iframe src=\"https:\/\/api.leadconnectorhq.com\/widget\/booking\/zaWtlKHSq94ALzLuV0Ci\" scrolling=\"no\" id=\"zaWtlKHSq94ALzLuV0Ci_1720552266187\"><\/iframe><br \/><\/p>\n<h3>\n\t\tNe laissez pas passer cette chance de transformer votre entreprise. Explorez les possibilit\u00e9s de l&#8217;IA avec nous !\n\t<\/h3>\n\n","protected":false},"excerpt":{"rendered":"<p>Our team Our team is made up of experts with a passion for artificial intelligence and technological innovation. With years [&hellip;]<\/p>\n","protected":false},"author":1,"featured_media":0,"parent":0,"menu_order":0,"comment_status":"closed","ping_status":"closed","template":"","meta":{"site-sidebar-layout":"default","site-content-layout":"","ast-site-content-layout":"full-width-container","site-content-style":"default","site-sidebar-style":"default","ast-global-header-display":"","ast-banner-title-visibility":"","ast-main-header-display":"","ast-hfb-above-header-display":"","ast-hfb-below-header-display":"","ast-hfb-mobile-header-display":"","site-post-title":"disabled","ast-breadcrumbs-content":"","ast-featured-img":"","footer-sml-layout":"","theme-transparent-header-meta":"","adv-header-id-meta":"","stick-header-meta":"","header-above-stick-meta":"","header-main-stick-meta":"","header-below-stick-meta":"","astra-migrate-meta-layouts":"default","ast-page-background-enabled":"default","ast-page-background-meta":{"desktop":{"background-color":"var(--ast-global-color-4)","background-image":"","background-repeat":"repeat","background-position":"center center","background-size":"auto","background-attachment":"scroll","background-type":"","background-media":"","overlay-type":"","overlay-color":"","overlay-opacity":"","overlay-gradient":""},"tablet":{"background-color":"","background-image":"","background-repeat":"repeat","background-position":"center center","background-size":"auto","background-attachment":"scroll","background-type":"","background-media":"","overlay-type":"","overlay-color":"","overlay-opacity":"","overlay-gradient":""},"mobile":{"background-color":"","background-image":"","background-repeat":"repeat","background-position":"center center","background-size":"auto","background-attachment":"scroll","background-type":"","background-media":"","overlay-type":"","overlay-color":"","overlay-opacity":"","overlay-gradient":""}},"ast-content-background-meta":{"desktop":{"background-color":"var(--ast-global-color-5)","background-image":"","background-repeat":"repeat","background-position":"center center","background-size":"auto","background-attachment":"scroll","background-type":"","background-media":"","overlay-type":"","overlay-color":"","overlay-opacity":"","overlay-gradient":""},"tablet":{"background-color":"var(--ast-global-color-5)","background-image":"","background-repeat":"repeat","background-position":"center center","background-size":"auto","background-attachment":"scroll","background-type":"","background-media":"","overlay-type":"","overlay-color":"","overlay-opacity":"","overlay-gradient":""},"mobile":{"background-color":"var(--ast-global-color-5)","background-image":"","background-repeat":"repeat","background-position":"center center","background-size":"auto","background-attachment":"scroll","background-type":"","background-media":"","overlay-type":"","overlay-color":"","overlay-opacity":"","overlay-gradient":""}},"footnotes":""},"class_list":["post-340","page","type-page","status-publish","hentry"],"_links":{"self":[{"href":"https:\/\/subventionintelligenceartificielle.com\/en\/wp-json\/wp\/v2\/pages\/340","targetHints":{"allow":["GET"]}}],"collection":[{"href":"https:\/\/subventionintelligenceartificielle.com\/en\/wp-json\/wp\/v2\/pages"}],"about":[{"href":"https:\/\/subventionintelligenceartificielle.com\/en\/wp-json\/wp\/v2\/types\/page"}],"author":[{"embeddable":true,"href":"https:\/\/subventionintelligenceartificielle.com\/en\/wp-json\/wp\/v2\/users\/1"}],"replies":[{"embeddable":true,"href":"https:\/\/subventionintelligenceartificielle.com\/en\/wp-json\/wp\/v2\/comments?post=340"}],"version-history":[{"count":1,"href":"https:\/\/subventionintelligenceartificielle.com\/en\/wp-json\/wp\/v2\/pages\/340\/revisions"}],"predecessor-version":[{"id":370,"href":"https:\/\/subventionintelligenceartificielle.com\/en\/wp-json\/wp\/v2\/pages\/340\/revisions\/370"}],"wp:attachment":[{"href":"https:\/\/subventionintelligenceartificielle.com\/en\/wp-json\/wp\/v2\/media?parent=340"}],"curies":[{"name":"wp","href":"https:\/\/api.w.org\/{rel}","templated":true}]}}